{"id":3223,"date":"2026-01-16T13:19:01","date_gmt":"2026-01-16T13:19:01","guid":{"rendered":"https:\/\/urskaloncar.com\/?page_id=3223"},"modified":"2026-01-16T13:19:01","modified_gmt":"2026-01-16T13:19:01","slug":"pogoji-poslovanja","status":"publish","type":"page","link":"https:\/\/urskaloncar.com\/en\/pogoji-poslovanja\/","title":{"rendered":"Pogoji poslovanja"},"content":{"rendered":"<div class=\"wpb-content-wrapper\"><div class=\"vc_row wpb_row vc_row-fluid\" ><div class=\"wpb_column vc_column_container vc_col-sm-12\"><div class=\"vc_column-inner\"><div class=\"wpb_wrapper\">\n\t<div class=\"wpb_text_column wpb_content_element\" >\n\t\t<div class=\"wpb_wrapper\">\n\t\t\t<h2 class=\"wp-block-heading\">NA\u010cINI DOSTAVE<\/h2>\n<p><!-- \/wp:post-content --><\/p>\n<p>Dostava je mogo\u010da po vsem svetu. \u010ce je mogo\u010de, priporo\u010damo sledenje paketu. Upo\u0161tevajte, da so morebitne dodatne pristojbine, davki ali carinske dajatve odgovornost stranke.<\/p>\n<p>Slike na platnu so za za\u0161\u010dito zavite v mehur\u010dkasto folijo in poslane v kartonski \u0161katli.<\/p>\n<p>Slike na papirju\/tiski so pakirani v prozoren ovitek ali zaviti v rob\u010dek ter poslani v trdi kartonski \u0161katli, togi ovojnici ali tubi, odvisno od velikosti.<\/p>\n<p>Va\u0161e naro\u010dilo bo odposlano v 7 delovnih dneh.<\/p>\n<p>\u010ce je va\u0161e naro\u010dilo darilo in je namenjeno neposredno prejemniku, lahko brezpla\u010dno dodam osebno sporo\u010dilo. Po oddaji naro\u010dila mi po\u0161ljite e-po\u0161to na <a href=\"mailto:info@urskaloncar.com\">info@urskaloncar.com<\/a>.<\/p>\n<p><!-- \/wp:list --><\/p>\n<p>&nbsp;<\/p>\n<p><!-- wp:heading --><\/p>\n<h3 class=\"wp-block-heading\">MO\u017dNOSTI PLA\u010cILA<\/h3>\n<h2><!-- \/wp:heading --><\/h2>\n<p>Za nakupe na spletni strani sprejemam Visa, Mastercard in ban\u010dna nakazila.<\/p>\n<p>&nbsp;<\/p>\n<h2 class=\"wp-block-heading\">VRA\u010cILA IN ZAMENJAVE<\/h2>\n<p><!-- \/wp:heading --><\/p>\n<p>\u010ce iz kakr\u0161nega koli razloga niste zadovoljni z naro\u010dilom, me prosim kontaktirajte v 24 urah po prejemu paketa.<\/p>\n<p>Potrudil se bom, da te\u017eavo \u010dim prej re\u0161im. Va\u0161 odtis bom brezpla\u010dno zamenjal, \u010de je na papirju kakr\u0161na koli napaka ali \u010de je bil po\u0161kodovan med po\u0161iljanjem.<\/p>\n<p>Vra\u010dilo originalov in slik po meri ni mogo\u010de.<\/p>\n<p>\u010ce imate kakr\u0161na koli vpra\u0161anja o po\u0161iljanju in vra\u010dilih, nas prosim <a href=\"https:\/\/urskaloncar.com\/en\/#kontakt\">kontaktirajte<\/a>.<\/p>\n<p><!-- \/wp:paragraph --><\/p>\n<p>&nbsp;<\/p>\n<p><!-- wp:heading {\"level\":3} --><\/p>\n<p>&nbsp;<\/p>\n<p><!-- \/wp:paragraph --><\/p>\n<p><!-- wp:heading {\"level\":3} --><\/p>\n\n\t\t<\/div>\n\t<\/div>\n<\/div><\/div><\/div><\/div><\/div>","protected":false},"excerpt":{"rendered":"NA\u010cINI DOSTAVE Dostava je mogo\u010da po vsem svetu. \u010ce je mogo\u010de, priporo\u010damo sledenje paketu. Upo\u0161tevajte, da so morebitne dodatne pristojbine, davki ali carinske dajatve odgovornost stranke. Slike na platnu so za za\u0161\u010dito zavite v mehur\u010dkasto folijo in poslane v kartonski [...]","protected":false},"author":1,"featured_media":0,"parent":0,"menu_order":0,"comment_status":"closed","ping_status":"closed","template":"","meta":{"footnotes":""},"class_list":["post-3223","page","type-page","status-publish","hentry"],"yoast_head":"<!-- This site is optimized with the Yoast SEO plugin v26.8 - https:\/\/yoast.com\/product\/yoast-seo-wordpress\/ -->\n<title>Pogoji poslovanja - Urska Loncar<\/title>\n<meta name=\"robots\" content=\"index, follow, max-snippet:-1, max-image-preview:large, max-video-preview:-1\" \/>\n<link rel=\"canonical\" href=\"https:\/\/urskaloncar.com\/en\/pogoji-poslovanja\/\" \/>\n<meta property=\"og:locale\" content=\"en_GB\" \/>\n<meta property=\"og:type\" content=\"article\" \/>\n<meta property=\"og:title\" content=\"Pogoji poslovanja - Urska Loncar\" \/>\n<meta property=\"og:url\" content=\"https:\/\/urskaloncar.com\/en\/pogoji-poslovanja\/\" \/>\n<meta property=\"og:site_name\" content=\"Urska Loncar\" \/>\n<meta property=\"article:publisher\" content=\"https:\/\/www.facebook.com\/urskaloncar\/\" \/>\n<meta property=\"og:image\" content=\"https:\/\/urskaloncar.com\/wp-content\/uploads\/2019\/09\/UL-logotip_klasik-1000x133-1.png\" \/>\n\t<meta property=\"og:image:width\" content=\"1000\" \/>\n\t<meta property=\"og:image:height\" content=\"133\" \/>\n\t<meta property=\"og:image:type\" content=\"image\/png\" \/>\n<meta name=\"twitter:card\" content=\"summary_large_image\" \/>\n<meta name=\"twitter:label1\" content=\"Estimated reading time\" \/>\n\t<meta name=\"twitter:data1\" content=\"1 minute\" \/>\n<script type=\"application\/ld+json\" class=\"yoast-schema-graph\">{\"@context\":\"https:\/\/schema.org\",\"@graph\":[{\"@type\":\"WebPage\",\"@id\":\"https:\/\/urskaloncar.com\/pogoji-poslovanja\/\",\"url\":\"https:\/\/urskaloncar.com\/pogoji-poslovanja\/\",\"name\":\"Pogoji poslovanja - Urska Loncar\",\"isPartOf\":{\"@id\":\"https:\/\/urskaloncar.com\/#website\"},\"datePublished\":\"2026-01-16T13:19:01+00:00\",\"breadcrumb\":{\"@id\":\"https:\/\/urskaloncar.com\/pogoji-poslovanja\/#breadcrumb\"},\"inLanguage\":\"en-GB\",\"potentialAction\":[{\"@type\":\"ReadAction\",\"target\":[\"https:\/\/urskaloncar.com\/pogoji-poslovanja\/\"]}]},{\"@type\":\"BreadcrumbList\",\"@id\":\"https:\/\/urskaloncar.com\/pogoji-poslovanja\/#breadcrumb\",\"itemListElement\":[{\"@type\":\"ListItem\",\"position\":1,\"name\":\"Home\",\"item\":\"https:\/\/urskaloncar.com\/\"},{\"@type\":\"ListItem\",\"position\":2,\"name\":\"Pogoji poslovanja\"}]},{\"@type\":\"WebSite\",\"@id\":\"https:\/\/urskaloncar.com\/#website\",\"url\":\"https:\/\/urskaloncar.com\/\",\"name\":\"Ur\u0161ka Lon\u010dar\",\"description\":\"Fine artist\",\"publisher\":{\"@id\":\"https:\/\/urskaloncar.com\/#\/schema\/person\/e4de94ff271fb601cb3a320da7158538\"},\"potentialAction\":[{\"@type\":\"SearchAction\",\"target\":{\"@type\":\"EntryPoint\",\"urlTemplate\":\"https:\/\/urskaloncar.com\/?s={search_term_string}\"},\"query-input\":{\"@type\":\"PropertyValueSpecification\",\"valueRequired\":true,\"valueName\":\"search_term_string\"}}],\"inLanguage\":\"en-GB\"},{\"@type\":[\"Person\",\"Organization\"],\"@id\":\"https:\/\/urskaloncar.com\/#\/schema\/person\/e4de94ff271fb601cb3a320da7158538\",\"name\":\"Ur\u0161ka Lon\u010dar\",\"image\":{\"@type\":\"ImageObject\",\"inLanguage\":\"en-GB\",\"@id\":\"https:\/\/urskaloncar.com\/#\/schema\/person\/image\/\",\"url\":\"https:\/\/urskaloncar.com\/wp-content\/uploads\/2019\/09\/UL-logotip_klasik-1000x133-1.png\",\"contentUrl\":\"https:\/\/urskaloncar.com\/wp-content\/uploads\/2019\/09\/UL-logotip_klasik-1000x133-1.png\",\"width\":1000,\"height\":133,\"caption\":\"Ur\u0161ka Lon\u010dar\"},\"logo\":{\"@id\":\"https:\/\/urskaloncar.com\/#\/schema\/person\/image\/\"},\"sameAs\":[\"https:\/\/urskaloncar.com\/\",\"https:\/\/www.facebook.com\/urskaloncar\/\",\"https:\/\/www.instagram.com\/urskaloncar_art\/\",\"https:\/\/www.linkedin.com\/in\/urka-lonar-48a9b6361\",\"https:\/\/www.pinterest.com\/urskaloncar_art\/\"]}]}<\/script>\n<!-- \/ Yoast SEO plugin. -->","yoast_head_json":{"title":"Pogoji poslovanja - Urska Loncar","robots":{"index":"index","follow":"follow","max-snippet":"max-snippet:-1","max-image-preview":"max-image-preview:large","max-video-preview":"max-video-preview:-1"},"canonical":"https:\/\/urskaloncar.com\/en\/pogoji-poslovanja\/","og_locale":"en_GB","og_type":"article","og_title":"Pogoji poslovanja - Urska Loncar","og_url":"https:\/\/urskaloncar.com\/en\/pogoji-poslovanja\/","og_site_name":"Urska Loncar","article_publisher":"https:\/\/www.facebook.com\/urskaloncar\/","og_image":[{"width":1000,"height":133,"url":"https:\/\/urskaloncar.com\/wp-content\/uploads\/2019\/09\/UL-logotip_klasik-1000x133-1.png","type":"image\/png"}],"twitter_card":"summary_large_image","twitter_misc":{"Estimated reading time":"1 minute"},"schema":{"@context":"https:\/\/schema.org","@graph":[{"@type":"WebPage","@id":"https:\/\/urskaloncar.com\/pogoji-poslovanja\/","url":"https:\/\/urskaloncar.com\/pogoji-poslovanja\/","name":"Pogoji poslovanja - Urska Loncar","isPartOf":{"@id":"https:\/\/urskaloncar.com\/#website"},"datePublished":"2026-01-16T13:19:01+00:00","breadcrumb":{"@id":"https:\/\/urskaloncar.com\/pogoji-poslovanja\/#breadcrumb"},"inLanguage":"en-GB","potentialAction":[{"@type":"ReadAction","target":["https:\/\/urskaloncar.com\/pogoji-poslovanja\/"]}]},{"@type":"BreadcrumbList","@id":"https:\/\/urskaloncar.com\/pogoji-poslovanja\/#breadcrumb","itemListElement":[{"@type":"ListItem","position":1,"name":"Home","item":"https:\/\/urskaloncar.com\/"},{"@type":"ListItem","position":2,"name":"Pogoji poslovanja"}]},{"@type":"WebSite","@id":"https:\/\/urskaloncar.com\/#website","url":"https:\/\/urskaloncar.com\/","name":"Ur\u0161ka Lon\u010dar","description":"Fine artist","publisher":{"@id":"https:\/\/urskaloncar.com\/#\/schema\/person\/e4de94ff271fb601cb3a320da7158538"},"potentialAction":[{"@type":"SearchAction","target":{"@type":"EntryPoint","urlTemplate":"https:\/\/urskaloncar.com\/?s={search_term_string}"},"query-input":{"@type":"PropertyValueSpecification","valueRequired":true,"valueName":"search_term_string"}}],"inLanguage":"en-GB"},{"@type":["Person","Organization"],"@id":"https:\/\/urskaloncar.com\/#\/schema\/person\/e4de94ff271fb601cb3a320da7158538","name":"Ur\u0161ka Lon\u010dar","image":{"@type":"ImageObject","inLanguage":"en-GB","@id":"https:\/\/urskaloncar.com\/#\/schema\/person\/image\/","url":"https:\/\/urskaloncar.com\/wp-content\/uploads\/2019\/09\/UL-logotip_klasik-1000x133-1.png","contentUrl":"https:\/\/urskaloncar.com\/wp-content\/uploads\/2019\/09\/UL-logotip_klasik-1000x133-1.png","width":1000,"height":133,"caption":"Ur\u0161ka Lon\u010dar"},"logo":{"@id":"https:\/\/urskaloncar.com\/#\/schema\/person\/image\/"},"sameAs":["https:\/\/urskaloncar.com\/","https:\/\/www.facebook.com\/urskaloncar\/","https:\/\/www.instagram.com\/urskaloncar_art\/","https:\/\/www.linkedin.com\/in\/urka-lonar-48a9b6361","https:\/\/www.pinterest.com\/urskaloncar_art\/"]}]}},"_links":{"self":[{"href":"https:\/\/urskaloncar.com\/en\/wp-json\/wp\/v2\/pages\/3223","targetHints":{"allow":["GET"]}}],"collection":[{"href":"https:\/\/urskaloncar.com\/en\/wp-json\/wp\/v2\/pages"}],"about":[{"href":"https:\/\/urskaloncar.com\/en\/wp-json\/wp\/v2\/types\/page"}],"author":[{"embeddable":true,"href":"https:\/\/urskaloncar.com\/en\/wp-json\/wp\/v2\/users\/1"}],"replies":[{"embeddable":true,"href":"https:\/\/urskaloncar.com\/en\/wp-json\/wp\/v2\/comments?post=3223"}],"version-history":[{"count":1,"href":"https:\/\/urskaloncar.com\/en\/wp-json\/wp\/v2\/pages\/3223\/revisions"}],"predecessor-version":[{"id":3224,"href":"https:\/\/urskaloncar.com\/en\/wp-json\/wp\/v2\/pages\/3223\/revisions\/3224"}],"wp:attachment":[{"href":"https:\/\/urskaloncar.com\/en\/wp-json\/wp\/v2\/media?parent=3223"}],"curies":[{"name":"wp","href":"https:\/\/api.w.org\/{rel}","templated":true}]}}